{"id":334,"date":"2022-05-26T22:01:23","date_gmt":"2022-05-26T20:01:23","guid":{"rendered":"http:\/\/malagareiki.es\/cursosonline\/?page_id=334"},"modified":"2024-02-15T00:12:45","modified_gmt":"2024-02-14T23:12:45","slug":"sobre-mi","status":"publish","type":"page","link":"https:\/\/malagareiki.es\/cursosonline\/sobre-mi\/","title":{"rendered":"Sobre m\u00ed"},"content":{"rendered":"<div class=\"gb-container gb-container-5bd7795b alignfull\"><div class=\"gb-inside-container\">\n<div class=\"gb-grid-wrapper gb-grid-wrapper-681f5dde\">\n<div class=\"gb-grid-column gb-grid-column-af446ae6\"><div class=\"gb-container gb-container-af446ae6\"><div class=\"gb-inside-container\">\n\n<figure class=\"wp-block-image size-full\"><img loading=\"lazy\" decoding=\"async\" width=\"420\" height=\"367\" src=\"http:\/\/malagareiki.es\/cursosonline\/wp-content\/uploads\/2023\/01\/isa_28112022.jpg\" alt=\"\" class=\"wp-image-3039\" srcset=\"https:\/\/malagareiki.es\/cursosonline\/wp-content\/uploads\/2023\/01\/isa_28112022.jpg 420w, https:\/\/malagareiki.es\/cursosonline\/wp-content\/uploads\/2023\/01\/isa_28112022-300x262.jpg 300w\" sizes=\"auto, (max-width: 420px) 100vw, 420px\" \/><\/figure>\n\n<\/div><\/div><\/div>\n\n<div class=\"gb-grid-column gb-grid-column-d29fdb33\"><div class=\"gb-container gb-container-d29fdb33\"><div class=\"gb-inside-container\">\n\n<h3 class=\"wp-block-heading\">Terapeuta y Formadora de Terapeutas<\/h3>\n\n\n\n<p>Soy Isabel, Kinesi\u00f3loga, Reiki Master y CEO Fundador de <a href=\"https:\/\/barcelonareiki.es\">Barcelona Reiki<\/a>, Facilitadora en Constelaciones Familiares, adem\u00e1s de estar formada en muchas otras terapias.<\/p>\n\n\n\n<h4 class=\"wp-block-heading\">Mi Formaci\u00f3n<\/h4>\n\n\n\n<ul class=\"wp-block-list\">\n<li>T\u00e9cnicas de masaje (2019)<\/li>\n\n\n\n<li>Masaje Tha\u00ef&nbsp; (2016)<\/li>\n\n\n\n<li>Distribuidora de Young Living Essential Oils (2015)<\/li>\n\n\n\n<li>Introducci\u00f3n al Dise\u00f1o Humano ( 2015)<\/li>\n\n\n\n<li>Terapia Raindrop de Young Living Essential Oils&nbsp; (2015)<\/li>\n\n\n\n<li>M\u00e9todo Tagdrol (2014-2015)<\/li>\n\n\n\n<li>Kinesiolog\u00eda: Memorias prenatales (2014)<\/li>\n\n\n\n<li>Par\u00e1sitos y enfermedades comunes (2014)<\/li>\n\n\n\n<li>Manopuntura Coreana y Moxibusti\u00f3n&nbsp; (2013)<\/li>\n\n\n\n<li>Manopuntura Coreana Nivel Energ\u00e9tico(2013)<\/li>\n\n\n\n<li>Formaci\u00f3n en Constelaciones Familiares con Registros Ak\u00e1shicos&nbsp; (2011-2013)<\/li>\n\n\n\n<li>Homeopat\u00eda femenina (2012)<\/li>\n\n\n\n<li>Nutrici\u00f3n y diet\u00e9tica M\u00f3dulos I y II (2012)<\/li>\n\n\n\n<li>Flores de Bach (2012)<\/li>\n\n\n\n<li>Kinesiolog\u00eda Unificada (2012)<\/li>\n\n\n\n<li>Lectura de Registros Ak\u00e1shicos&nbsp; (2012)<\/li>\n\n\n\n<li>Homeopat\u00eda b\u00e1sica (2010)<\/li>\n\n\n\n<li>Asesora en <a href=\"https:\/\/lumielterapiasnaturales.com\/feng-shui\/\">Feng Shui<\/a> Avanzado -M\u00e9todo de las estrellas volantes ( 2005)<\/li>\n<\/ul>\n\n\n\n<p><\/p>\n\n<\/div><\/div><\/div>\n<\/div>\n\n\n<h2 class=\"wp-block-heading has-text-align-center\"><img loading=\"lazy\" decoding=\"async\" src=\"https:\/\/reikicoursesbarcelona.es\/wp-content\/uploads\/2019\/07\/Federacion-espa%C3%B1ola-de-reiki-logo.jpg\" alt=\"\" width=\"140\" height=\"140\"><\/h2>\n\n\n\n<h2 class=\"wp-block-heading has-text-align-center\"><strong>Federaci\u00f3n Espa\u00f1ola de Reiki<\/strong><\/h2>\n\n\n\n<p class=\"has-text-align-center\">Usui &amp; Usui-Tibetan Master Reiki Number 2733 de&nbsp;<a href=\"http:\/\/federeiki.es\/\">Federaci\u00f3n Espa\u00f1ola de Reiki<\/a><\/p>\n\n\n<div class=\"wp-block-image\">\n<figure class=\"aligncenter is-resized\"><img decoding=\"async\" src=\"https:\/\/reikicoursesbarcelona.es\/wp-content\/uploads\/2019\/07\/logo_karuna_barcelona_reiki.jpg\" alt=\"\" style=\"width:152px;height:152px\"\/><\/figure>\n<\/div>\n\n\n<h2 class=\"wp-block-heading has-text-align-center\"><strong>The International Center for Reiki Training<\/strong><\/h2>\n\n\n\n<p>Karuna\u00ae Reiki \u2013 Registered Master Number 45742 \u2013&nbsp;<a href=\"https:\/\/www.reiki.org\/\">The International Center for Reiki Training<\/a><\/p>\n\n<\/div><\/div>\n\n\n<p><\/p>\n","protected":false},"excerpt":{"rendered":"<p>Federaci\u00f3n Espa\u00f1ola de Reiki Usui &amp; Usui-Tibetan Master Reiki Number 2733 de&nbsp;Federaci\u00f3n Espa\u00f1ola de Reiki The International Center for Reiki Training Karuna\u00ae Reiki \u2013 Registered Master Number 45742 \u2013&nbsp;The International Center for Reiki Training<\/p>\n","protected":false},"author":1,"featured_media":0,"parent":0,"menu_order":0,"comment_status":"closed","ping_status":"closed","template":"","meta":{"om_disable_all_campaigns":false,"_monsterinsights_skip_tracking":false,"_monsterinsights_sitenote_active":false,"_monsterinsights_sitenote_note":"","_monsterinsights_sitenote_category":0,"footnotes":""},"class_list":["post-334","page","type-page","status-publish"],"featured_image_src":null,"featured_image_src_square":null,"_links":{"self":[{"href":"https:\/\/malagareiki.es\/cursosonline\/wp-json\/wp\/v2\/pages\/334","targetHints":{"allow":["GET"]}}],"collection":[{"href":"https:\/\/malagareiki.es\/cursosonline\/wp-json\/wp\/v2\/pages"}],"about":[{"href":"https:\/\/malagareiki.es\/cursosonline\/wp-json\/wp\/v2\/types\/page"}],"author":[{"embeddable":true,"href":"https:\/\/malagareiki.es\/cursosonline\/wp-json\/wp\/v2\/users\/1"}],"replies":[{"embeddable":true,"href":"https:\/\/malagareiki.es\/cursosonline\/wp-json\/wp\/v2\/comments?post=334"}],"version-history":[{"count":10,"href":"https:\/\/malagareiki.es\/cursosonline\/wp-json\/wp\/v2\/pages\/334\/revisions"}],"predecessor-version":[{"id":3451,"href":"https:\/\/malagareiki.es\/cursosonline\/wp-json\/wp\/v2\/pages\/334\/revisions\/3451"}],"wp:attachment":[{"href":"https:\/\/malagareiki.es\/cursosonline\/wp-json\/wp\/v2\/media?parent=334"}],"curies":[{"name":"wp","href":"https:\/\/api.w.org\/{rel}","templated":true}]}}