{"id":342,"date":"2022-05-26T22:13:22","date_gmt":"2022-05-26T20:13:22","guid":{"rendered":"http:\/\/malagareiki.es\/cursosonline\/?page_id=342"},"modified":"2024-12-02T15:58:18","modified_gmt":"2024-12-02T14:58:18","slug":"politica-de-cookies","status":"publish","type":"page","link":"https:\/\/malagareiki.es\/cursosonline\/politica-de-cookies\/","title":{"rendered":"Pol\u00edtica de Cookies"},"content":{"rendered":"\n<p><strong>&nbsp;POL\u00cdTICA DE COOKIES<\/strong><strong><\/strong><\/p>\n\n\n\n<p><strong>Importante : Este sitio web utiliza cookies que pueden contener informaci\u00f3n de seguimiento sobre los visitantes. Si contin\u00faas navegando por este sitio, aceptas el uso que hacemos de las cookies. Para m\u00e1s informaci\u00f3n visita este <\/strong><a href=\"https:\/\/gironareiki.es\/politica-de-privacitat\" target=\"_blank\" rel=\"noopener\" title=\"\"><strong>enlace<\/strong><\/a><\/p>\n\n\n\n<p>\u00bfQu\u00e9 es una cookie?<\/p>\n\n\n\n<p>Una <em>cookie<\/em> es un fichero de texto <strong>&nbsp;inofensivo<\/strong> que se almacena en su navegador cuando visita casi cualquier sitio web. La utilidad de la<em> cookie<\/em> es que el sitio web sea capaz de recordar su visita cuando vuelva a navegar por esta p\u00e1gina. Aunque mucha gente no lo sabe,<em> las cookies<\/em> se han utilizado desde hace 20 a\u00f1os, cuando aparecieron los primeros navegadores para la World Wide Web.<\/p>\n\n\n\n<p>\u00bfQu\u00e9 no es una galleta?<\/p>\n\n\n\n<p>No es un virus, ni un troyano, ni un gusano, ni spam, ni spyware, ni abre ventanas pop-up.<\/p>\n\n\n\n<p>\u00bfQu\u00e9 informaci\u00f3n almacena una <em>galleta<\/em>? M\u00e1s informaci\u00f3n sobre las cookies<\/p>\n\n\n\n<p><em>Las cookies<\/em> no suelen almacenar informaci\u00f3n sensible sobre usted, como tarjetas de cr\u00e9dito o datos bancarios, fotograf\u00edas, su DNI o informaci\u00f3n personal, etc. Los datos que almacenan son de car\u00e1cter t\u00e9cnico, preferencias personales, personalizaci\u00f3n de contenidos, etc.<\/p>\n\n\n\n<p>El servidor web no lo asocia a usted como persona sino con su navegador web. De hecho, si usted navega habitualmente con Internet Explorer e intenta navegar por la misma web con Firefox o Chrome ver\u00e1 que la web no se da cuenta de que es usted la misma persona porque en realidad est\u00e1 asociando al navegador, no a la persona.<\/p>\n\n\n\n<p>\u00bfQu\u00e9 tipo de <em>cookies<\/em> hay?<\/p>\n\n\n\n<ul class=\"wp-block-list\">\n<li>Cookies t\u00e9cnicas: son las m\u00e1s elementales y permiten, entre otras cosas, saber cu\u00e1ndo est\u00e1 navegando un humano o una aplicaci\u00f3n automatizada, cuando navega un usuario an\u00f3nimo y un usuario registrado, tareas b\u00e1sicas para el funcionamiento de cualquier sitio web din\u00e1mico.<\/li>\n\n\n\n<li>Cookies de an\u00e1lisis: recogen informaci\u00f3n sobre el tipo de navegaci\u00f3n que est\u00e1 realizando, las secciones que m\u00e1s utiliza, productos consultados, franja horaria de uso, idioma, etc.<\/li>\n\n\n\n<li>Cookies publicitarias: muestran publicidad en funci\u00f3n de su navegaci\u00f3n, su pa\u00eds de origen, idioma, etc.<\/li>\n<\/ul>\n\n\n\n<p>\u00bfQu\u00e9 son <em>las cookies<\/em>&nbsp; pr\u00f2pies y de terceros ?<\/p>\n\n\n\n<p>Las <em>cookies propias<\/em> son las generadas por la p\u00e1gina que est\u00e1 visitando y <em>&nbsp;las de terceros son<\/em>&nbsp; las generadas por servicios o terceros proveedores como Facebook, Twitter, Google, etc.<\/p>\n\n\n\n<p>\u00bfQu\u00e9 pasa si desactivo <em>las cookies?<\/em><\/p>\n\n\n\n<p>Para ayudaros a entender el alcance de la desactivaci\u00f3n de <em>las galletas,<\/em> aqu\u00ed ten\u00e9is algunos ejemplos:<\/p>\n\n\n\n<ul class=\"wp-block-list\">\n<li>No podr\u00e1s compartir contenidos de esta web en Facebook, Twitter o cualquier otra red social.<\/li>\n\n\n\n<li>El sitio web no podr\u00e1 adaptar los contenidos a sus preferencias personales, como suele ser el caso de las tiendas en l\u00ednea.<\/li>\n\n\n\n<li>No podr\u00e1 acceder al \u00e1rea personal de este sitio web, como &nbsp;<em>mi cuenta,o mi perfil<\/em>o <em>mis pedidos<\/em>.<\/li>\n\n\n\n<li>Tiendas online: te ser\u00e1 imposible hacer compras en l\u00ednea, deber\u00e1n ser telef\u00f3nicas o visitando la tienda f\u00edsica si la tienes.<\/li>\n\n\n\n<li>No ser\u00e1 posible personalizar las preferencias geogr\u00e1ficas, como la franja horaria, la divisa o el idioma.<\/li>\n\n\n\n<li>El sitio web no podr\u00e1 realizar anal\u00edticas web sobre visitantes y tr\u00e1fico web, lo que dificultar\u00e1 que el sitio web sea competitivo.<\/li>\n\n\n\n<li>No podr\u00e1s escribir en el blog, no podr\u00e1s subir fotos, publicar comentarios, valorar o puntuar contenidos. El sitio web tampoco podr\u00e1 saber si usted es un humano o una aplicaci\u00f3n automatizada que publica <em>spam.<\/em><\/li>\n\n\n\n<li>No podr\u00e1s mostrar publicidad sectorializada, lo que reducir\u00e1 los ingresos publicitarios de la web.<\/li>\n\n\n\n<li>Todas las redes sociales utilizan <em>cookies,si<\/em> las desactiva no podr\u00e1utilizar ninguna red social.<\/li>\n<\/ul>\n\n\n\n<p>\u00bfSe pueden borrar <em>las galletas<\/em>?<\/p>\n\n\n\n<p>S\u00ed. No s\u00f3lo suprimir, tambi\u00e9n bloquear, general o particular para un dominio espec\u00edfico.<\/p>\n\n\n\n<p>Para eliminar <em>las galletas<\/em> de un sitio web debe ir a la configuraci\u00f3n de su navegador y all\u00ed puede buscar a los asociados con el dominio en cuesti\u00f3n y proceder a su supresi\u00f3n.<\/p>\n\n\n\n<p><em>Configuraci\u00f3n<\/em> de cookies para los navegadores m\u00e1s populares<\/p>\n\n\n\n<p>A continuaci\u00f3n os indicamos c\u00f3mo acceder a una <em>galleta<\/em> concreta del navegador <strong>Chrome<\/strong>&nbsp; .&nbsp; Nota: estos pasos pueden variar en funci\u00f3n de la versi\u00f3n del navegador:<\/p>\n\n\n\n<ol start=\"1\" style=\"list-style-type:1\" class=\"wp-block-list\">\n<li>Vamos a configuraci\u00f3n o preferencias mediante el men\u00fa fichero o bien haciendo clic en el icono de personalizaci\u00f3n que hay en la parte superior derecha.<\/li>\n\n\n\n<li>Ver\u00e9is diferentes secciones, haz clic en la opci\u00f3n <em>Muestra las opciones avanzadas<\/em>.<\/li>\n\n\n\n<li>Vamos a <em>privacidad<\/em>, <em>&nbsp;configuraci\u00f3n<\/em>de contenido.<\/li>\n\n\n\n<li>Seleccione <em>todas las galletas y datos del lugar<\/em>.<\/li>\n\n\n\n<li>Aparecer\u00e1 una lista con todas <em>las galletas<\/em>ordenadas por dominio. Para que te sea m\u00e1s f\u00e1cil encontrar <em>galletas<\/em> de un determinado dominio, introduce parcial o totalmente la direcci\u00f3n en el campo b\u00fasqueda de <em>galletas<\/em>.<\/li>\n\n\n\n<li>Despu\u00e9s de realizar este filtro aparecer\u00e1 en pantalla una o m\u00e1s l\u00edneas con las <em>cookies<\/em>del sitio web solicitado. Ahora solo ten\u00e9is que seleccionarla y apretar la <em>X<\/em> para proceder a su eliminaci\u00f3n.<\/li>\n<\/ol>\n\n\n\n<p>Para acceder a la configuraci\u00f3n de <em>cookies<\/em> del navegador <strong>&nbsp;Internet Explorer<\/strong> siga estos pasos (pueden variar en funci\u00f3n de la versi\u00f3n del navegador):<\/p>\n\n\n\n<ol start=\"1\" style=\"list-style-type:1\" class=\"wp-block-list\">\n<li>Vamos a <em>Herramientas<\/em>,<em> Opciones<\/em> de Internet<\/li>\n\n\n\n<li>Haz clic en <em>privacidad<\/em>.<\/li>\n\n\n\n<li>Mov\u00e9 el deslizador hasta que ajuste el nivel de privacidad que dese\u00e9is.<\/li>\n<\/ol>\n\n\n\n<p>Para acceder a la configuraci\u00f3n de <em>cookies<\/em> del navegador<strong> Firefox<\/strong> siga estos pasos (pueden variar en funci\u00f3n de la versi\u00f3n del navegador):<\/p>\n\n\n\n<ol start=\"1\" style=\"list-style-type:1\" class=\"wp-block-list\">\n<li>Vamos a <em>Opciones<\/em>o<em> preferencias<\/em> seg\u00fan vuestro sistema operativo.<\/li>\n\n\n\n<li>Haz clic en <em>privacidad<\/em>.<\/li>\n\n\n\n<li>En <em>Historial,Trieu<\/em> utiliza la configuraci\u00f3n personalizada para el<em> Historial<\/em>.<\/li>\n\n\n\n<li>Ahora ver\u00e1s la opci\u00f3n <em>aceptar cookies<\/em>, puedes activarla o desactivarla seg\u00fan tus preferencias.<\/li>\n<\/ol>\n\n\n\n<p>Para acceder a la configuraci\u00f3n de <em>cookies<\/em> del navegador Safari <strong>por OSX<\/strong> siga estos pasos (pueden variar en funci\u00f3n de la versi\u00f3n del navegador):<\/p>\n\n\n\n<ol start=\"1\" style=\"list-style-type:1\" class=\"wp-block-list\">\n<li>Vamos a <em>preferencias,luego privacidad<\/em>.<\/li>\n\n\n\n<li>En este lugar ver\u00e1 la opci\u00f3n <em>bloquea cookies<\/em>para ajustar el tipo de bloqueo que desearealizar.<\/li>\n<\/ol>\n\n\n\n<p>Para acceder a la configuraci\u00f3n de <em>cookies<\/em> del navegador Safari<strong> para iOS<\/strong> siga estos pasos (pueden variar en funci\u00f3n de la versi\u00f3n del navegador):<\/p>\n\n\n\n<ol start=\"1\" style=\"list-style-type:1\" class=\"wp-block-list\">\n<li>Vaya a <em>escenas,entonces Safari<\/em>.<\/li>\n\n\n\n<li>Ve a <em>privacidad y seguridad<\/em>, ver\u00e1s la opci\u00f3n<em> bloquear cookies<\/em>para ajustar el tipo de bloqueo que quieresrealizar.<\/li>\n<\/ol>\n\n\n\n<p>Para acceder a &nbsp;la configuraci\u00f3n de cookies del navegador para dispositivos <strong>Android<\/strong>&nbsp; siga estos pasos (pueden variar en funci\u00f3n de la versi\u00f3n del navegador):<\/p>\n\n\n\n<ol start=\"1\" style=\"list-style-type:1\" class=\"wp-block-list\">\n<li>Ejecute el navegador y prep\u00e1rate la tecla <em>men\u00fa<\/em>, luego<em> configuraci\u00f3n<\/em>.<\/li>\n\n\n\n<li>Vea a <em>seguridad y privacidad<\/em>, ver\u00e1s la opci\u00f3n<em> aceptar cookies<\/em>para activar o desactivar la casilla deselecci\u00f3n.<\/li>\n<\/ol>\n\n\n\n<p>Para acceder a &nbsp;la configuraci\u00f3n de cookies del navegador para dispositivos <strong>Windows Phone<\/strong>&nbsp; siga estos pasos (pueden variar en funci\u00f3n de la versi\u00f3n del navegador):<\/p>\n\n\n\n<ol start=\"1\" style=\"list-style-type:1\" class=\"wp-block-list\">\n<li>Abra el <em>Internet Explorer,despu\u00e9s<\/em> m\u00e1s,despu\u00e9s<em> configuraci\u00f3n<\/em><\/li>\n\n\n\n<li>Ahora pod\u00e9is seleccionar o borrar la cancha de selecci\u00f3n<em> permite galletas<\/em>.<\/li>\n<\/ol>\n\n\n\n<p>Asesor de cookies es un plugin para WordPress creado por Carlos Doral (webartesanal.com)<\/p>\n\n\n\n<p><\/p>\n","protected":false},"excerpt":{"rendered":"<p>&nbsp;POL\u00cdTICA DE COOKIES Importante : Este sitio web utiliza cookies que pueden contener informaci\u00f3n de seguimiento sobre los visitantes. Si contin\u00faas navegando por este sitio, aceptas el uso que hacemos de las cookies. Para m\u00e1s informaci\u00f3n visita este enlace \u00bfQu\u00e9 es una cookie? Una cookie es un fichero de texto &nbsp;inofensivo que se almacena en &#8230; <a title=\"Pol\u00edtica de Cookies\" class=\"read-more\" href=\"https:\/\/malagareiki.es\/cursosonline\/politica-de-cookies\/\" aria-label=\"Leer m\u00e1s sobre Pol\u00edtica de Cookies\">Leer m\u00e1s<\/a><\/p>\n","protected":false},"author":1,"featured_media":0,"parent":0,"menu_order":0,"comment_status":"closed","ping_status":"closed","template":"","meta":{"om_disable_all_campaigns":false,"_monsterinsights_skip_tracking":false,"_monsterinsights_sitenote_active":false,"_monsterinsights_sitenote_note":"","_monsterinsights_sitenote_category":0,"footnotes":""},"class_list":["post-342","page","type-page","status-publish"],"featured_image_src":null,"featured_image_src_square":null,"_links":{"self":[{"href":"https:\/\/malagareiki.es\/cursosonline\/wp-json\/wp\/v2\/pages\/342","targetHints":{"allow":["GET"]}}],"collection":[{"href":"https:\/\/malagareiki.es\/cursosonline\/wp-json\/wp\/v2\/pages"}],"about":[{"href":"https:\/\/malagareiki.es\/cursosonline\/wp-json\/wp\/v2\/types\/page"}],"author":[{"embeddable":true,"href":"https:\/\/malagareiki.es\/cursosonline\/wp-json\/wp\/v2\/users\/1"}],"replies":[{"embeddable":true,"href":"https:\/\/malagareiki.es\/cursosonline\/wp-json\/wp\/v2\/comments?post=342"}],"version-history":[{"count":9,"href":"https:\/\/malagareiki.es\/cursosonline\/wp-json\/wp\/v2\/pages\/342\/revisions"}],"predecessor-version":[{"id":3720,"href":"https:\/\/malagareiki.es\/cursosonline\/wp-json\/wp\/v2\/pages\/342\/revisions\/3720"}],"wp:attachment":[{"href":"https:\/\/malagareiki.es\/cursosonline\/wp-json\/wp\/v2\/media?parent=342"}],"curies":[{"name":"wp","href":"https:\/\/api.w.org\/{rel}","templated":true}]}}